{"id":232,"date":"2024-11-14T19:11:59","date_gmt":"2024-11-14T18:11:59","guid":{"rendered":"https:\/\/blog.univ-angers.fr\/arcobap\/?page_id=232"},"modified":"2024-12-01T18:10:00","modified_gmt":"2024-12-01T17:10:00","slug":"partagez-votre-temoignage-2","status":"publish","type":"page","link":"https:\/\/blog.univ-angers.fr\/arcobap\/partagez-votre-temoignage-2\/","title":{"rendered":"Partagez votre t\u00e9moignage"},"content":{"rendered":"\n<p>Le projet ArCoBap vous propose de recueillir et valoriser votre t\u00e9moignage. Que vous soyez un\u2022e ancien\u2022ne collaborateur\u2022ice, directeur\u2022ice ou pr\u00e9sident\u2022e des Banques Populaires, votre t\u00e9moignage nous int\u00e9resse.<\/p>\n\n\n\n<p>Les th\u00e8mes principaux de cette enqu\u00eate tournent autour du mod\u00e8le coop\u00e9ratif des Banques populaires. Nous cherchons, par votre t\u00e9moignage, \u00e0 comprendre le fonctionnement du mod\u00e8le coop\u00e9ratif en abordant les th\u00e8mes du fonctionnement \u00e9conomique au sein des Banques Populaires (en lien avec la r\u00e9mun\u00e9ration, votre fa\u00e7on d\u2019accorder des autorisations de cr\u00e9dit malgr\u00e9 le mod\u00e8le de proximit\u00e9 collaboratif\u2026), les b\u00e9n\u00e9fices fonctionnels en favorisant l\u2019humain et le collectif, comment le mode d\u2019administration du mod\u00e8le collaboratif se d\u00e9marque des autres\u2026<\/p>\n\n\n\n<p>Si vous \u00eates int\u00e9ress\u00e9 afin de r\u00e9pondre \u00e0 ce questionnaire, veuillez choisir la cat\u00e9gorie qui correspond au poste que vous avez pu occuper&nbsp;: collaborateur\u2022ice, directeur\u2022ice ou pr\u00e9sident\u2022e.<\/p>\n\n\n\n<div class=\"wp-block-group alignwide has-global-padding is-layout-constrained wp-block-group-is-layout-constrained\">\n<div class=\"wp-block-columns alignwide is-layout-flex wp-container-core-columns-is-layout-28f84493 wp-block-columns-is-layout-flex\">\n<div class=\"wp-block-column is-layout-flow wp-block-column-is-layout-flow\">\n<div class=\"wp-block-buttons is-content-justification-center is-layout-flex wp-container-core-buttons-is-layout-a89b3969 wp-block-buttons-is-layout-flex\">\n<div class=\"wp-block-button has-custom-font-size has-dreaming-outloud-script-font-family has-large-font-size\"><a class=\"wp-block-button__link has-custom-color-1-background-color has-background has-text-align-center wp-element-button\" href=\"https:\/\/framaforms.org\/le-projet-arcobap-archives-et-modele-cooperatif-des-banques-populaires-collaborateurs-1732192953\" target=\"_blank\" rel=\"noreferrer noopener\">Je suis ancien\u2022ne <br>collaborateur\u2022rice<\/a><\/div>\n<\/div>\n<\/div>\n\n\n\n<div class=\"wp-block-column is-layout-flow wp-block-column-is-layout-flow\">\n<div class=\"wp-block-buttons is-content-justification-center is-layout-flex wp-container-core-buttons-is-layout-a89b3969 wp-block-buttons-is-layout-flex\">\n<div class=\"wp-block-button has-custom-font-size has-dreaming-outloud-script-font-family has-large-font-size\"><a class=\"wp-block-button__link has-custom-color-1-background-color has-background wp-element-button\" href=\"https:\/\/framaforms.org\/le-projet-arcobap-archives-et-modele-cooperatif-des-banques-populaires-directeurs-1732190263\" target=\"_blank\" rel=\"noreferrer noopener\">Je suis ancien\u2022ne<br>directeur\u2022rice<\/a><\/div>\n<\/div>\n<\/div>\n<\/div>\n\n\n\n<div style=\"height:31px\" aria-hidden=\"true\" class=\"wp-block-spacer\"><\/div>\n\n\n\n<div class=\"wp-block-buttons is-content-justification-center is-layout-flex wp-container-core-buttons-is-layout-a89b3969 wp-block-buttons-is-layout-flex\">\n<div class=\"wp-block-button has-custom-font-size has-dreaming-outloud-script-font-family has-large-font-size\"><a class=\"wp-block-button__link has-custom-color-1-background-color has-background wp-element-button\" href=\"https:\/\/framaforms.org\/le-projet-arcobap-archives-et-modele-cooperatif-des-banques-populaires-presidents-1732133652\" target=\"_blank\" rel=\"noreferrer noopener\">Je suis ancien\u2022ne <br> pr\u00e9sident\u2022e.<\/a><\/div>\n<\/div>\n<\/div>\n\n\n\n<p><\/p>\n","protected":false},"excerpt":{"rendered":"<p>Le projet ArCoBap vous propose de recueillir et valoriser votre t\u00e9moignage. Que vous soyez un\u2022e ancien\u2022ne collaborateur\u2022ice, directeur\u2022ice ou pr\u00e9sident\u2022e des Banques Populaires, votre t\u00e9moignage nous int\u00e9resse. Les th\u00e8mes principaux de cette enqu\u00eate tournent autour du mod\u00e8le coop\u00e9ratif des Banques populaires. Nous cherchons, par votre t\u00e9moignage, \u00e0 comprendre le fonctionnement du mod\u00e8le coop\u00e9ratif en abordant [&hellip;]<\/p>\n","protected":false},"author":75017,"featured_media":0,"parent":0,"menu_order":0,"comment_status":"closed","ping_status":"closed","template":"","meta":{"footnotes":""},"class_list":["post-232","page","type-page","status-publish","hentry"],"_links":{"self":[{"href":"https:\/\/blog.univ-angers.fr\/arcobap\/wp-json\/wp\/v2\/pages\/232","targetHints":{"allow":["GET"]}}],"collection":[{"href":"https:\/\/blog.univ-angers.fr\/arcobap\/wp-json\/wp\/v2\/pages"}],"about":[{"href":"https:\/\/blog.univ-angers.fr\/arcobap\/wp-json\/wp\/v2\/types\/page"}],"author":[{"embeddable":true,"href":"https:\/\/blog.univ-angers.fr\/arcobap\/wp-json\/wp\/v2\/users\/75017"}],"replies":[{"embeddable":true,"href":"https:\/\/blog.univ-angers.fr\/arcobap\/wp-json\/wp\/v2\/comments?post=232"}],"version-history":[{"count":5,"href":"https:\/\/blog.univ-angers.fr\/arcobap\/wp-json\/wp\/v2\/pages\/232\/revisions"}],"predecessor-version":[{"id":236,"href":"https:\/\/blog.univ-angers.fr\/arcobap\/wp-json\/wp\/v2\/pages\/232\/revisions\/236"}],"wp:attachment":[{"href":"https:\/\/blog.univ-angers.fr\/arcobap\/wp-json\/wp\/v2\/media?parent=232"}],"curies":[{"name":"wp","href":"https:\/\/api.w.org\/{rel}","templated":true}]}}