{"id":205,"date":"2024-11-05T09:29:53","date_gmt":"2024-11-05T08:29:53","guid":{"rendered":"https:\/\/blog.univ-angers.fr\/arcobap\/?page_id=205"},"modified":"2024-11-05T09:41:14","modified_gmt":"2024-11-05T08:41:14","slug":"conditions-generales","status":"publish","type":"page","link":"https:\/\/blog.univ-angers.fr\/arcobap\/conditions-generales\/","title":{"rendered":"Conditions g\u00e9n\u00e9rales"},"content":{"rendered":"\n<h3 class=\"wp-block-heading\">Article 1 \u2013 Pr\u00e9sentation du site<\/h3>\n\n\n\n<p>Le site ArCoBap est \u00e9dit\u00e9 par Valentin Laurent (membre du groupe GSDA du master Archives Angers), situ\u00e9(e) \u00e0 Angers. L&rsquo;utilisation de ce site est soumise aux conditions g\u00e9n\u00e9rales d&rsquo;utilisation (CGU) d\u00e9crites ci-dessous.<\/p>\n\n\n\n<h3 class=\"wp-block-heading\">Article 2 \u2013 Acceptation des CGU<\/h3>\n\n\n\n<p>En naviguant sur le site, l&rsquo;utilisateur accepte pleinement et enti\u00e8rement les conditions g\u00e9n\u00e9rales d&rsquo;utilisation. Ces derni\u00e8res sont susceptibles d&rsquo;\u00eatre modifi\u00e9es ou compl\u00e9t\u00e9es \u00e0 tout moment ; les utilisateurs du site sont donc invit\u00e9s \u00e0 les consulter r\u00e9guli\u00e8rement.<\/p>\n\n\n\n<h3 class=\"wp-block-heading\">Article 3 \u2013 Acc\u00e8s au site<\/h3>\n\n\n\n<p>Le site est normalement accessible aux utilisateurs \u00e0 tout moment, sauf interruption pour maintenance technique. ArCoBap s&rsquo;efforcera de communiquer les dates et heures d&rsquo;interventions aux utilisateurs dans la mesure du possible.<\/p>\n\n\n\n<h3 class=\"wp-block-heading\">Article 4 \u2013 Prestations propos\u00e9es<\/h3>\n\n\n\n<p>ArCoBap fournit des informations et un espace de partage de t\u00e9moignages dans le cadre d&rsquo;une collecte. Les informations diffus\u00e9es sur le site sont fournies \u00e0 titre indicatif.<\/p>\n\n\n\n<h3 class=\"wp-block-heading\">Article 5 \u2013 Propri\u00e9t\u00e9 intellectuelle<\/h3>\n\n\n\n<p>Tous les \u00e9l\u00e9ments pr\u00e9sents sur le site (textes, images, logos, etc.) sont prot\u00e9g\u00e9s par le droit d&rsquo;auteur et les lois en vigueur relatives \u00e0 la propri\u00e9t\u00e9 intellectuelle. Toute reproduction, repr\u00e9sentation, modification ou adaptation de tout ou partie des \u00e9l\u00e9ments du site, de quelque mani\u00e8re que ce soit, est interdite sans l&rsquo;accord pr\u00e9alable \u00e9crit de Valentin Laurent ou des membres du groupe ayant donn\u00e9 leur accord pour l&rsquo;utilisation de leurs logos (FNBP, Master Archives, Universit\u00e9 d&rsquo;Angers).<\/p>\n\n\n\n<h3 class=\"wp-block-heading\">Article 6 \u2013 Responsabilit\u00e9<\/h3>\n\n\n\n<p>ArCoBap ne pourra \u00eatre tenu pour responsable des dommages directs ou indirects caus\u00e9s au mat\u00e9riel de l&rsquo;utilisateur, lors de l&rsquo;acc\u00e8s au site, r\u00e9sultant de l&rsquo;utilisation d&rsquo;un mat\u00e9riel non conforme ou de l&rsquo;apparition d&rsquo;un bug ou d&rsquo;une incompatibilit\u00e9.<\/p>\n\n\n\n<p>Si le site inclut des liens vers d&rsquo;autres sites, mais ArCoBapn&rsquo;est pas responsable du contenu de ces sites externes. L&rsquo;utilisateur est invit\u00e9 \u00e0 lire les conditions d&rsquo;utilisation de chaque site visit\u00e9.<\/p>\n\n\n\n<hr class=\"wp-block-separator has-alpha-channel-opacity is-style-wide\" \/>\n\n\n\n<div class=\"wp-block-columns is-layout-flex wp-container-core-columns-is-layout-28f84493 wp-block-columns-is-layout-flex\">\n<div class=\"wp-block-column is-layout-flow wp-block-column-is-layout-flow\" style=\"flex-basis:100%\">\n<div class=\"wp-block-buttons is-content-justification-center is-layout-flex wp-container-core-buttons-is-layout-a89b3969 wp-block-buttons-is-layout-flex\">\n<div class=\"wp-block-button\"><a class=\"wp-block-button__link wp-element-button\" href=\"https:\/\/blog.univ-angers.fr\/arcobap\/projet-arcobap-archives-et-modele-cooperatif-dans-les-banques-populaires\/\">Page d&rsquo;accueil<\/a><\/div>\n<\/div>\n<\/div>\n<\/div>\n\n\n\n<hr class=\"wp-block-separator has-alpha-channel-opacity is-style-wide\" \/>\n","protected":false},"excerpt":{"rendered":"<p>Article 1 \u2013 Pr\u00e9sentation du site Le site ArCoBap est \u00e9dit\u00e9 par Valentin Laurent (membre du groupe GSDA du master Archives Angers), situ\u00e9(e) \u00e0 Angers. L&rsquo;utilisation de ce site est soumise aux conditions g\u00e9n\u00e9rales d&rsquo;utilisation (CGU) d\u00e9crites ci-dessous. Article 2 \u2013 Acceptation des CGU En naviguant sur le site, l&rsquo;utilisateur accepte pleinement et enti\u00e8rement les [&hellip;]<\/p>\n","protected":false},"author":75017,"featured_media":0,"parent":0,"menu_order":0,"comment_status":"closed","ping_status":"closed","template":"","meta":{"footnotes":""},"class_list":["post-205","page","type-page","status-publish","hentry"],"_links":{"self":[{"href":"https:\/\/blog.univ-angers.fr\/arcobap\/wp-json\/wp\/v2\/pages\/205","targetHints":{"allow":["GET"]}}],"collection":[{"href":"https:\/\/blog.univ-angers.fr\/arcobap\/wp-json\/wp\/v2\/pages"}],"about":[{"href":"https:\/\/blog.univ-angers.fr\/arcobap\/wp-json\/wp\/v2\/types\/page"}],"author":[{"embeddable":true,"href":"https:\/\/blog.univ-angers.fr\/arcobap\/wp-json\/wp\/v2\/users\/75017"}],"replies":[{"embeddable":true,"href":"https:\/\/blog.univ-angers.fr\/arcobap\/wp-json\/wp\/v2\/comments?post=205"}],"version-history":[{"count":3,"href":"https:\/\/blog.univ-angers.fr\/arcobap\/wp-json\/wp\/v2\/pages\/205\/revisions"}],"predecessor-version":[{"id":219,"href":"https:\/\/blog.univ-angers.fr\/arcobap\/wp-json\/wp\/v2\/pages\/205\/revisions\/219"}],"wp:attachment":[{"href":"https:\/\/blog.univ-angers.fr\/arcobap\/wp-json\/wp\/v2\/media?parent=205"}],"curies":[{"name":"wp","href":"https:\/\/api.w.org\/{rel}","templated":true}]}}