{"id":7,"date":"2012-10-16T10:21:37","date_gmt":"2012-10-16T09:21:37","guid":{"rendered":"https:\/\/blog.univ-angers.fr\/agregationphysiquechimie\/?page_id=7"},"modified":"2012-11-16T14:37:11","modified_gmt":"2012-11-16T13:37:11","slug":"description","status":"publish","type":"page","link":"https:\/\/blog.univ-angers.fr\/agregationphysiquechimie\/?page_id=7","title":{"rendered":"Description"},"content":{"rendered":"<p><span style=\"color: #0096ac;\"><strong>DISPOSITIF DE FORMATION<\/strong><\/span><\/p>\n<ul>\n<li>Support de transmission des connaissances :<br \/>\nRessource en ligne<\/li>\n<li>Services aux \u00e9tudiants :<\/li>\n<\/ul>\n<p><span style=\"color: #0096ac;\"><strong>DUR\u00c9E DE LA FORMATION<\/strong><\/span><\/p>\n<p>La formation commence en<strong> juin de l&rsquo;ann\u00e9e<\/strong> qui pr\u00e9c\u00e8de le concours et se termine en <strong>avril suivant<\/strong>.<\/p>\n","protected":false},"excerpt":{"rendered":"<p>DISPOSITIF DE FORMATION Support de transmission des connaissances : Ressource en ligne Services aux \u00e9tudiants : DUR\u00c9E DE LA FORMATION La formation commence en juin de l&rsquo;ann\u00e9e qui pr\u00e9c\u00e8de le concours et se termine en avril suivant.<\/p>\n","protected":false},"author":14582,"featured_media":0,"parent":0,"menu_order":3,"comment_status":"closed","ping_status":"open","template":"","meta":{"footnotes":""},"class_list":["post-7","page","type-page","status-publish","hentry"],"_links":{"self":[{"href":"https:\/\/blog.univ-angers.fr\/agregationphysiquechimie\/index.php?rest_route=\/wp\/v2\/pages\/7","targetHints":{"allow":["GET"]}}],"collection":[{"href":"https:\/\/blog.univ-angers.fr\/agregationphysiquechimie\/index.php?rest_route=\/wp\/v2\/pages"}],"about":[{"href":"https:\/\/blog.univ-angers.fr\/agregationphysiquechimie\/index.php?rest_route=\/wp\/v2\/types\/page"}],"author":[{"embeddable":true,"href":"https:\/\/blog.univ-angers.fr\/agregationphysiquechimie\/index.php?rest_route=\/wp\/v2\/users\/14582"}],"replies":[{"embeddable":true,"href":"https:\/\/blog.univ-angers.fr\/agregationphysiquechimie\/index.php?rest_route=%2Fwp%2Fv2%2Fcomments&post=7"}],"version-history":[{"count":7,"href":"https:\/\/blog.univ-angers.fr\/agregationphysiquechimie\/index.php?rest_route=\/wp\/v2\/pages\/7\/revisions"}],"predecessor-version":[{"id":77,"href":"https:\/\/blog.univ-angers.fr\/agregationphysiquechimie\/index.php?rest_route=\/wp\/v2\/pages\/7\/revisions\/77"}],"wp:attachment":[{"href":"https:\/\/blog.univ-angers.fr\/agregationphysiquechimie\/index.php?rest_route=%2Fwp%2Fv2%2Fmedia&parent=7"}],"curies":[{"name":"wp","href":"https:\/\/api.w.org\/{rel}","templated":true}]}}