{"id":2,"date":"2012-10-16T09:14:39","date_gmt":"2012-10-16T09:14:39","guid":{"rendered":"https:\/\/blog.univ-angers.fr\/agregationphysiquechimie\/?page_id=2"},"modified":"2012-11-16T14:46:30","modified_gmt":"2012-11-16T13:46:30","slug":"preparation","status":"publish","type":"page","link":"https:\/\/blog.univ-angers.fr\/agregationphysiquechimie\/?page_id=2","title":{"rendered":"Pr\u00e9paration"},"content":{"rendered":"<p><span style=\"color: #0096ac;\"><strong>DISPOSITIF DE LA FORMATION<\/strong><\/span><\/p>\n<ul>\n<li>Les ressources de la formation sont disponibles en ligne sur la plate-forme d\u2019enseignement. L\u2019acc\u00e8s n\u00e9cessite un login et un mot de passe.<\/li>\n<li>Les principaux services de communication disponibles sont : courrier \u00e9lectronique et forum.<\/li>\n<\/ul>\n<p><span style=\"color: #0096ac;\"><strong>DUR\u00c9E<\/strong><\/span><\/p>\n<ul>\n<li>La formation commence en juin de l\u2019ann\u00e9e qui pr\u00e9c\u00e8de le concours et se termine en avril suivant.<\/li>\n<\/ul>\n<p><span style=\"color: #0096ac;\"><strong>PROGRAMME DE LA FORMATION<\/strong><\/span><\/p>\n<p>Le programme officiel est d\u00e9coup\u00e9 en 5 th\u00e8mes de chimie et 5 th\u00e8mes de physique, couverts sur deux ann\u00e9es scolaires :<\/p>\n<ul>\n<li><strong>Chimie :<\/strong><br \/>\nL\u2019atome &#8211; Chimie inorganique \u2013 Etat solide<br \/>\nChimie analytique en solution aqueuse\u00a0\u2013 Electrochimie<br \/>\nThermodynamique chimique \u2013 Cin\u00e9tique\u00a0\u2013 catalyse<br \/>\nSpectroscopie\u00a0\u2013 Atomistique \u2013 Chimie organique (1)<br \/>\nChimie organique (2)<\/li>\n<li><strong>Physique :<\/strong><br \/>\nM\u00e9canique<br \/>\nOptique<br \/>\nThermodynamique<br \/>\n\u00c9lectricit\u00e9 \u2013 \u00c9lectromagn\u00e9tisme<br \/>\nOndes<\/li>\n<\/ul>\n<p><span style=\"color: #0096ac;\"><strong>PR\u00c9PARATION AUX \u00c9PREUVES \u00c9CRITES A DISTANCE<\/strong><\/span><\/p>\n<p>Dans chaque th\u00e8me, un devoir est propos\u00e9, il est conseill\u00e9 de retourner la composition \u00e0 l\u2019enseignant concern\u00e9 avant la journ\u00e9e de le\u00e7ons correspondante par courrier, fax, courrier \u00e9lectronique ou par l\u2019interm\u00e9diaire d\u2019un enseignant. Pour toute n\u00e9cessit\u00e9 de communication, utiliser la messagerie de la plateforme (voir Outils de communication).<\/p>\n<p><span style=\"color: #0096ac;\"><strong>PR\u00c9PARATION AUX \u00c9PREUVES ORALES<\/strong><\/span><\/p>\n<p>Par th\u00e8me, une journ\u00e9e de pr\u00e9paration aux expos\u00e9s de le\u00e7ons et une journ\u00e9e de pr\u00e9paration aux montages sont organis\u00e9es ainsi que quelques journ\u00e9es compl\u00e9mentaires conduisant \u00e0 15 journ\u00e9es de 6heures chaque ann\u00e9e, le <strong>vendredi<\/strong><strong> <\/strong>\u00e0 <strong>Angers<\/strong><strong>, Le Mans<\/strong> ou <strong>Nantes<\/strong><strong>.<\/strong><\/p>\n<p><span style=\"color: #0096ac;\"><strong>\u00c9QUIPE P\u00c9DAGOGIQUE<\/strong><\/span><\/p>\n<ul>\n<li><strong>Chimie :<\/strong><\/li>\n<li><strong>Physique :<\/strong><\/li>\n<\/ul>\n","protected":false},"excerpt":{"rendered":"<p>DISPOSITIF DE LA FORMATION Les ressources de la formation sont disponibles en ligne sur la plate-forme d\u2019enseignement. L\u2019acc\u00e8s n\u00e9cessite un login et un mot de passe. Les principaux services de communication disponibles sont : courrier \u00e9lectronique et forum. DUR\u00c9E La &hellip; <a href=\"https:\/\/blog.univ-angers.fr\/agregationphysiquechimie\/?page_id=2\">Continuer la lecture <span class=\"meta-nav\">&rarr;<\/span><\/a><\/p>\n","protected":false},"author":14582,"featured_media":0,"parent":0,"menu_order":1,"comment_status":"closed","ping_status":"open","template":"","meta":{"footnotes":""},"class_list":["post-2","page","type-page","status-publish","hentry"],"_links":{"self":[{"href":"https:\/\/blog.univ-angers.fr\/agregationphysiquechimie\/index.php?rest_route=\/wp\/v2\/pages\/2","targetHints":{"allow":["GET"]}}],"collection":[{"href":"https:\/\/blog.univ-angers.fr\/agregationphysiquechimie\/index.php?rest_route=\/wp\/v2\/pages"}],"about":[{"href":"https:\/\/blog.univ-angers.fr\/agregationphysiquechimie\/index.php?rest_route=\/wp\/v2\/types\/page"}],"author":[{"embeddable":true,"href":"https:\/\/blog.univ-angers.fr\/agregationphysiquechimie\/index.php?rest_route=\/wp\/v2\/users\/14582"}],"replies":[{"embeddable":true,"href":"https:\/\/blog.univ-angers.fr\/agregationphysiquechimie\/index.php?rest_route=%2Fwp%2Fv2%2Fcomments&post=2"}],"version-history":[{"count":11,"href":"https:\/\/blog.univ-angers.fr\/agregationphysiquechimie\/index.php?rest_route=\/wp\/v2\/pages\/2\/revisions"}],"predecessor-version":[{"id":59,"href":"https:\/\/blog.univ-angers.fr\/agregationphysiquechimie\/index.php?rest_route=\/wp\/v2\/pages\/2\/revisions\/59"}],"wp:attachment":[{"href":"https:\/\/blog.univ-angers.fr\/agregationphysiquechimie\/index.php?rest_route=%2Fwp%2Fv2%2Fmedia&parent=2"}],"curies":[{"name":"wp","href":"https:\/\/api.w.org\/{rel}","templated":true}]}}