{"id":26,"date":"2026-01-20T08:57:28","date_gmt":"2026-01-20T07:57:28","guid":{"rendered":"https:\/\/blog.univ-angers.fr\/adoptrisk\/?page_id=26"},"modified":"2026-04-09T13:41:42","modified_gmt":"2026-04-09T11:41:42","slug":"membres","status":"publish","type":"page","link":"https:\/\/blog.univ-angers.fr\/adoptrisk\/membres\/","title":{"rendered":"Membres"},"content":{"rendered":"\n<p><strong><a href=\"https:\/\/temos.cnrs.fr\/denechere-yves\/\">Yves Den\u00e9ch\u00e8re<\/a><\/strong>, coordinateur scientifique du projet ANR AdoptRisk, est professeur en histoire contemporaine \u00e0 l&#8217;Universit\u00e9 d&#8217;Angers (UMR TEMOS) et dirige le P\u00f4le universitaire lig\u00e9rien d&#8217;\u00e9tudes sur l&#8217;enfance et la jeunesse <a href=\"https:\/\/enfance-jeunesse.fr\/\" target=\"_blank\" rel=\"noreferrer noopener\">https:\/\/enfance-jeunesse.fr\/<\/a>&nbsp; Ses recherches portent sur les enfants et les jeunes \u00e0 l&#8217;\u00e9chelle transnationale. Dans le cadre du projet ANR EN-MIG (2022-2025) il a publi\u00e9 <em>Enfants eurasiens d&#8217;Indochine aux vents de la d\u00e9colonisation<\/em> (Peter Lang, 2024). Sp\u00e9cialiste de l&#8217;histoire de l&#8217;adoption, il a publi\u00e9 <em>Des enfants venus de loin. Histoire de l\u2019adoption internationale en France<\/em> (Armand Colin, 2011). Il s&#8217;int\u00e9resse plus particuli\u00e8rement \u00e0 la question des pratiques illicites et est l&#8217;auteur avec Fabio Macedo de l&#8217;\u00e9tude <em>Les pratiques illicites dans l&#8217;adoption internationale en France<\/em> (2023 <a href=\"https:\/\/univ-angers.hal.science\/hal-03972497v1\" target=\"_blank\" rel=\"noreferrer noopener\">https:\/\/univ-angers.hal.science\/hal-03972497v1<\/a>) Il est membre du Conseil national de l\u2019adoption (CNA) et du Conseil scientifique de l\u2019Observatoire national de la protection de l\u2019enfance (ONPE).<\/p>\n\n\n\n<p><strong>Olivier de Frouville<\/strong><\/p>\n\n\n\n<p><strong><a href=\"https:\/\/temos.cnrs.fr\/grailles-benedicte\/\" data-type=\"link\" data-id=\"https:\/\/temos.cnrs.fr\/grailles-benedicte\/\">B\u00e9n\u00e9dicte Grailles<\/a><\/strong> est ma\u00eetresse de conf\u00e9rences en archivistique \u00e0 l&#8217;universit\u00e9 d&#8217;Angers (UMR Temos), responsable du M2 Archives et membre du comit\u00e9 de pilotage du Portail international archivistique francophone. Ses recherches s\u2019inscrivent dans le champ de l\u2019archivistique sociale et portent sur l\u2019\u00e9mergence de patrimoines archivistiques sociaux et militants, sur les usages du mat\u00e9riau archivistique comme espace de construction des individualit\u00e9s et de fabrication sociale des individus et des groupes ainsi que sur la mod\u00e9lisation des communaut\u00e9s \u00e9lectroniques comme crit\u00e8re de s\u00e9lection des donn\u00e9es.<\/p>\n\n\n\n<p><strong>Ad\u00e9la\u00efde Laloux<\/strong><\/p>\n\n\n\n<p><strong><a href=\"https:\/\/orcid.org\/0000-0001-8563-0674\">Fabio Macedo<\/a> <\/strong>est chercheur ing\u00e9nieur de recherche dans le cadre du projet AdoptRisk. Il est sp\u00e9cialiste de l&#8217;adoption d&#8217;enfants, de la famille et de la protection de l&#8217;enfance dans une perspective transnationale. Historien, ses recherches se situent au croisement de l&#8217;histoire, des sciences sociales et du droit. Il a soutenu en 2020 \u00e0 l&#8217;EHESS sa th\u00e8se de doctorat intitul\u00e9e <em>Choisir les enfants. Nationalit\u00e9, race et &#8220;qualit\u00e9&#8221; dans l&#8217;histoire globale de l&#8217;adoption internationale (1830-1980)<\/em>. Il a \u00e9t\u00e9 laur\u00e9at du Fass-Sandin Best Article Prize 2017, d\u00e9cern\u00e9 par la Society for the History of Children and Youth, et a co-dirig\u00e9 en 2021 deux num\u00e9ros sur l&#8217;histoire de l&#8217;adoption pour la revue fran\u00e7aise Annales de D\u00e9mographie Historique. Il a \u00e9galement conduit avec Yves Den\u00e9ch\u00e8re une \u00e9tude historique pionni\u00e8re sur les adoptions internationales illicites en France, publi\u00e9e en 2023.<\/p>\n\n\n\n<p><strong><a href=\"https:\/\/cv.hal.science\/patrice-marcillouxuniv-angersfr\" data-type=\"link\" data-id=\"https:\/\/cv.hal.science\/patrice-marcillouxuniv-angersfr\">Patrice Marcilloux<\/a><\/strong>, archiviste-pal\u00e9ographe, a \u00e9t\u00e9 conservateur du patrimoine de 1993 \u00e0 2013 et directeur de plusieurs services d\u2019archives d\u00e9partementales (Aisne, Pas-de-Calais, Loiret), avant de devenir enseignant-chercheur en archivistique \u00e0 l\u2019universit\u00e9 d\u2019Angers. Il y a assum\u00e9 la responsabilit\u00e9 p\u00e9dagogique d\u2019une licence professionnelle en archivistique pendant 18 ans et pr\u00e9par\u00e9 son \u00e9volution vers l\u2019alternance et l\u2019apprentissage. Son investissement en faveur du d\u00e9veloppement et de la reconnaissance d\u2019une recherche en archivistique s\u2019est notamment traduit par la cr\u00e9ation d\u2019un doctorat en archivistique (six th\u00e8ses soutenues depuis 2015). Directeur de l\u2019\u00e9cole doctorale 604 STT (Soci\u00e9t\u00e9s, temps, territoires) de 2017 \u00e0 2022, il dirige le laboratoire TEMOS (Temps, mondes, soci\u00e9t\u00e9s, UMR CNRS 9016) depuis 2026. Ses sujets de recherche portent sur les formes nouvelles de la demande sociale d\u2019archives et sur la diversit\u00e9 des formes de pr\u00e9sence sociale des archives (archivistique sociale). Il a notamment publi\u00e9 <em>Les ego-archives, traces documentaires et recherche de soi<\/em> (Presses universitaires de Rennes, 2013).<\/p>\n\n\n\n<p><a href=\"https:\/\/lisst.univ-tlse2.fr\/accueil\/hn-equipes-de-recherche\/centre-danthropologie-sociale-cas\/agnes-martial\"><strong>Agn\u00e8s Martial<\/strong><\/a> est anthropologue, directrice de recherche CNRS au LISST-CAS et sp\u00e9cialiste des questions de parent\u00e9 contemporaine. Elle s\u2019int\u00e9resse \u00e0 la question des origines dans les situations adoptives depuis 2018. Elle a coordonn\u00e9 le programme ANR ORIGINES \u00ab Aux marges de la parent\u00e9 : origines et nouvelles configurations familiales \u00bb (2018-2022) et dirige actuellement le projet \u00ab De la qu\u00eate des origines aux r\u00e9agencements des liens familiaux, Outils, contextes et relations \u00bb (2026-2028), financ\u00e9 par l\u2019ONPE (Observatoire National de la Protection de l\u2019Enfance). Dans Adoptrisk, elle s\u2019int\u00e9resse aux effets de la d\u00e9couverte de pratiques illicites sur la parent\u00e9 et l\u2019identit\u00e9 des personnes adopt\u00e9es.<\/p>\n\n\n\n<p><a href=\"https:\/\/cv.hal.science\/anais-martin\"><strong>Ana\u00efs Martin<\/strong><\/a> est anthropologue, sp\u00e9cialis\u00e9e sur la parent\u00e9 dans les soci\u00e9t\u00e9s euro-am\u00e9ricaines contemporaines, notamment les enjeux li\u00e9s \u00e0 la procr\u00e9ation assist\u00e9e avec tiers donneur et les tests ADN. Apr\u00e8s avoir travaill\u00e9 aupr\u00e8s d&#8217;adultes con\u00e7us par don de sperme anonyme (France, Angleterre) et de donneurs et donneuses de gam\u00e8tes (\u00c9tats-Unis, Australie, Canada), elle s&#8217;int\u00e9resse aux pratiques professionnelles relatives au recrutement des donneurs et donneuses dans les centre d&#8217;assistance m\u00e9dicale \u00e0 la procr\u00e9ation fran\u00e7ais dans le cadre d&#8217;un postdoctorat au sein de l&#8217;ANR NorPro (coord. A.-S. Giraud). Au sein de l&#8217;ANR AdoptRisk, elle s&#8217;int\u00e9resse aux pratiques associ\u00e9es aux tests ADN direct-to-consumer.<\/p>\n\n\n\n<p><a href=\"https:\/\/www.gemass.fr\/member\/mignot-jean-francois\/\"><strong>Jean-Fran\u00e7ois Mignot<\/strong><\/a> est d\u00e9mographe, charg\u00e9 de recherche au GEMASS (CNRS \/ Sorbonne Universit\u00e9). Il est sp\u00e9cialiste des comportements familiaux (mariage, divorce, filiation) et notamment de <a href=\"https:\/\/www.editionsladecouverte.fr\/l_adoption-9782707198051\" target=\"_blank\" rel=\"noreferrer noopener\">l\u2019adoption<\/a>, en <a href=\"https:\/\/shs.cairn.info\/revue-francaise-de-sociologie-2015-3-page-525?lang=fr\" target=\"_blank\" rel=\"noreferrer noopener\">France<\/a>, en <a href=\"https:\/\/shs.hal.science\/halshs-02008838\/file\/Child%20Adoption%20in%20Western%20Europe.pdf\" target=\"_blank\" rel=\"noreferrer noopener\">Europe<\/a> et dans le <a href=\"https:\/\/shs.hal.science\/halshs-01326715\/document\" target=\"_blank\" rel=\"noreferrer noopener\">monde<\/a>.<\/p>\n\n\n\n<p><strong><a href=\"https:\/\/www.ihtp.cnrs.fr\/chercheurs\/amelie-rabine\/\">Am\u00e9lie Rabine-Lemaitre<\/a> <\/strong>est docteure en histoire contemporaine. Elle a soutenu sa th\u00e8se,&nbsp;<em>\u00c0 l\u2019ombre des jeunes filles d\u00e9chues. Trajectoires et m\u00e9moires d\u2019adolescentes plac\u00e9es en internat de r\u00e9\u00e9ducation (1945-2025)<\/em>, en d\u00e9cembre 2025. S\u2019inscrivant dans le champ de l\u2019histoire de la jeunesse, des femmes et du genre mais \u00e9galement des <em>Memory studies<\/em>, ses travaux portent sur les trajectoires de jeunes filles institutionnalis\u00e9es entre les ann\u00e9es 1945 et 1975 au prisme des t\u00e9moignages oraux et \u00e9critures autobiographiques.<\/p>\n\n\n\n<p><strong>Herv\u00e9 Rihal<\/strong> est professeur \u00e9m\u00e9rite de droit public \u00e0 l\u2019Universit\u00e9 d\u2019Angers depuis 2017. Il a dirig\u00e9 le Centre Jean Bodin, laboratoire de recherche des juristes de l\u2019Universit\u00e9 d\u2019Angers de 2010 \u00e0 2016, mais aussi le DESS puis le master \u00ab Droit des interventions sanitaires et sociales des collectivit\u00e9s territoriales \u00bb de 1993 \u00e0 2008. Il est l\u2019auteur de tr\u00e8s nombreux articles en droit administratif et notamment en droit social et m\u00e9dico-sociale du secteur public, et il a coorganis\u00e9 sept colloques sur le domaine m\u00e9dico-social de 2007 \u00e0 2026. Il repr\u00e9sente, avec Yves D\u00e9n\u00e9ch\u00e8re, l\u2019Universit\u00e9 d\u2019Angers \u00e0 l\u2019observatoire d\u00e9partemental de la protection de l\u2019enfance de Maine-et-Loire.<\/p>\n\n\n\n<p><strong>Antoine Rivi\u00e8re<\/strong> est historien, ma\u00eetre de conf\u00e9rences \u00e0 l\u2019Universit\u00e9 Paris 8 et membre de l\u2019Institut d\u2019histoire du temps pr\u00e9sent (UMR 8244). Ses recherches portent sur les enfants abandonn\u00e9s, les politiques et les institutions de protection de l\u2019enfance et de la jeunesse aux 19<sup>e<\/sup> et 20<sup>e<\/sup> si\u00e8cles. Ses travaux actuels portent sur l\u2019acc\u00e8s des pupilles de l\u2019Assistance publique et de leurs descendants \u00e0 leurs origines et \u00e0 leur histoire familiale. Il coordonne le projet ANR FIDOVI, qui enqu\u00eate notamment sur les enfants juifs recueillis par les services sociaux en France pendant la Seconde Guerre mondiale.<\/p>\n\n\n\n<p><strong>Claudine Veuillet-Combier<\/strong> est professeure de psychologie clinique et psychopathologie, d\u2019orientation psychanalytique. Elle est aussi responsable p\u00e9dagogique du Master 2 psychopathologie, psychologie clinique du lien social et familial et par ailleurs directrice adjointe de l\u2019UR CLiPsy (Cliniques contemporaines, liens &amp; processus subjectifs). Elle est sp\u00e9cialiste de la question de l\u2019adoption sur laquelle, elle travaille depuis plus d\u2019une vingtaine d\u2019ann\u00e9es, que ce soit dans l\u2019\u00e9tude des enjeux psychologiques mobilis\u00e9s du c\u00f4t\u00e9 des personnes adopt\u00e9es ou du c\u00f4t\u00e9 des adoptants. Elle s\u2019int\u00e9resse plus particuli\u00e8rement \u00e0 la clinique contemporaine de la filiation et aux liens familiaux, du point de vue de la transmission psychique transg\u00e9n\u00e9rationnelle en \u00e9tudiant les non-dits, secrets de famille et traumatismes livr\u00e9s de fa\u00e7on inconsciente en h\u00e9ritage. Elle s\u2019appuie notamment sur les photos-m\u00e9diation &nbsp;et la Libre-R\u00e9alisation de l\u2019Arbre g\u00e9n\u00e9alogique (LRAg) pour explorer les repr\u00e9sentations li\u00e9es \u00e0 la filiation adoptive. Elle dirige actuellement le projet&nbsp; international et pluridisciplinaire ORI-CIN\u00c9, financ\u00e9 par la r\u00e9gion des Pays de la Loire qui porte, par le prisme du cin\u00e9ma,&nbsp;l\u2019analyse des repr\u00e9sentations li\u00e9es \u00e0 la qu\u00eate des origines et le recours aux tests ADN dans le cadre de&nbsp; l\u2019adoption et de la PMA.<\/p>\n","protected":false},"excerpt":{"rendered":"<p>Yves Den\u00e9ch\u00e8re, coordinateur scientifique du projet ANR AdoptRisk, est professeur en histoire contemporaine \u00e0 l&#8217;Universit\u00e9 d&#8217;Angers (UMR TEMOS) et dirige le P\u00f4le universitaire lig\u00e9rien d&#8217;\u00e9tudes sur l&#8217;enfance et la jeunesse https:\/\/enfance-jeunesse.fr\/&nbsp; Ses recherches portent sur les enfants et les jeunes \u00e0 l&#8217;\u00e9chelle transnationale. Dans le cadre du projet ANR EN-MIG (2022-2025) il a publi\u00e9 Enfants &hellip; <a href=\"https:\/\/blog.univ-angers.fr\/adoptrisk\/membres\/\" class=\"more-link\">Continuer la lecture de <span class=\"screen-reader-text\">Membres<\/span>  <span class=\"meta-nav\">&rarr;<\/span><\/a><\/p>\n","protected":false},"author":109032,"featured_media":0,"parent":0,"menu_order":0,"comment_status":"closed","ping_status":"closed","template":"","meta":{"footnotes":""},"class_list":["post-26","page","type-page","status-publish","hentry"],"_links":{"self":[{"href":"https:\/\/blog.univ-angers.fr\/adoptrisk\/wp-json\/wp\/v2\/pages\/26","targetHints":{"allow":["GET"]}}],"collection":[{"href":"https:\/\/blog.univ-angers.fr\/adoptrisk\/wp-json\/wp\/v2\/pages"}],"about":[{"href":"https:\/\/blog.univ-angers.fr\/adoptrisk\/wp-json\/wp\/v2\/types\/page"}],"author":[{"embeddable":true,"href":"https:\/\/blog.univ-angers.fr\/adoptrisk\/wp-json\/wp\/v2\/users\/109032"}],"replies":[{"embeddable":true,"href":"https:\/\/blog.univ-angers.fr\/adoptrisk\/wp-json\/wp\/v2\/comments?post=26"}],"version-history":[{"count":18,"href":"https:\/\/blog.univ-angers.fr\/adoptrisk\/wp-json\/wp\/v2\/pages\/26\/revisions"}],"predecessor-version":[{"id":178,"href":"https:\/\/blog.univ-angers.fr\/adoptrisk\/wp-json\/wp\/v2\/pages\/26\/revisions\/178"}],"wp:attachment":[{"href":"https:\/\/blog.univ-angers.fr\/adoptrisk\/wp-json\/wp\/v2\/media?parent=26"}],"curies":[{"name":"wp","href":"https:\/\/api.w.org\/{rel}","templated":true}]}}