{"id":23,"date":"2026-01-20T08:56:08","date_gmt":"2026-01-20T07:56:08","guid":{"rendered":"https:\/\/blog.univ-angers.fr\/adoptrisk\/?page_id=23"},"modified":"2026-03-02T20:47:02","modified_gmt":"2026-03-02T19:47:02","slug":"a-propos","status":"publish","type":"page","link":"https:\/\/blog.univ-angers.fr\/adoptrisk\/a-propos\/","title":{"rendered":"\u00c0 propos"},"content":{"rendered":"\n<p><strong>AdoptRisk<\/strong> est un projet de recherche financ\u00e9 par l&#8217;ANR et port\u00e9 par l&#8217;Universit\u00e9 d&#8217;Angers avec l&#8217;Universit\u00e9 Paris 8 et le CNRS. <strong>Il vise \u00e0 \u00e9tudier, dans une perspective socio-historique, les pratiques illicites dans l\u2019adoption nationale et internationale d&#8217;enfants en France depuis 1923<\/strong>.<\/p>\n\n\n\n<p>Depuis l\u2019\u00e9tude historique r\u00e9alis\u00e9e en 2022-2023 par des chercheurs du pr\u00e9sent projet (<a href=\"https:\/\/univ-angers.hal.science\/hal-03972497v1\">https:\/\/univ-angers.hal.science\/hal-03972497v1<\/a>), on sait que les pratiques illicites dans l\u2019adoption internationale \u00e9taient connues et d\u00e9nonc\u00e9es par des protagonistes d\u00e8s les ann\u00e9es 1980. En revanche aucune \u00e9tude historique d\u00e9di\u00e9e n\u2019a \u00e9t\u00e9 men\u00e9e jusqu\u2019\u00e0 pr\u00e9sent sur les pratiques illicites dans l\u2019adoption d\u2019enfants fran\u00e7ais. Depuis les ann\u00e9es 2010, les t\u00e9moignages de personnes adopt\u00e9es \u00e9voquant les conditions douteuses de leur processus d\u2019adoption se multiplient. Une \u00e9tude permettant de brosser un tableau g\u00e9n\u00e9ral du ph\u00e9nom\u00e8ne r\u00e9pondra \u00e0 cette demande sociale grandissante, en permettant aux personnes concern\u00e9es d\u2019inscrire leurs histoires personnelles dans un contexte historique fiable.<\/p>\n\n\n\n<p>Sur le plan scientifique, la connaissance des pratiques illicites dans l\u2019adoption se heurte \u00e0 plusieurs obstacles qu\u2019AdoptRisk entend contribuer \u00e0 d\u00e9passer.<\/p>\n\n\n\n<ul class=\"wp-block-list\">\n<li>Le premier objectif est d\u2019identifier les sources disponibles pour appr\u00e9hender le ph\u00e9nom\u00e8ne\u00a0: archives, t\u00e9moignages de personnes concern\u00e9es, etc.;<\/li>\n\n\n\n<li>le deuxi\u00e8me est d\u2019analyser les pratiques des acteurs impliqu\u00e9s et de rep\u00e9rer les \u00e9l\u00e9ments illicites ;<\/li>\n\n\n\n<li>le troisi\u00e8me est de proposer une d\u00e9marche permettant de quantifier le ph\u00e9nom\u00e8ne ;<\/li>\n\n\n\n<li>enfin, le quatri\u00e8me objectif vise \u00e0 \u00e9valuer les effets de la d\u00e9couverte de pratiques illicites sur les personnes adopt\u00e9es et leurs proches.<\/li>\n<\/ul>\n\n\n\n<p><em>&nbsp;<\/em>Ce projet collaboratif mobilise trois Unit\u00e9s Mixtes de Recherche CNRS : TEMOS UMR 9016-Universit\u00e9 d\u2019Angers (Y. Den\u00e9ch\u00e8re), LISST UMR 5193-Universit\u00e9 Toulouse Jean-Jaur\u00e8s (responsable A. Martial) et IHTP UMR 8244-Universt\u00e9 Paris 8 (responsable A. Rivi\u00e8re), qui ont d\u00e9velopp\u00e9 des collaborations ant\u00e9rieures : projets de recherche, manifestations scientifiques, publications collectives. En s\u2019appuyant sur des travaux men\u00e9s et des approches compl\u00e9mentaires, AdoptRisk se situe au croisement de l\u2019archivistique, de l\u2019histoire, de l\u2019anthropologie, de la psychologie, de la sociologie et du droit. La r\u00e9alisation des objectifs du projet n\u00e9cessite la conception et la mise en \u0153uvre de m\u00e9thodes \u00e0 la fois quantitatives et qualitatives.&nbsp;<\/p>\n\n\n\n<p>Les chercheur\u00b7es engag\u00e9\u00b7es dans le projet sont des sp\u00e9cialistes reconnu\u00b7es des th\u00e9matiques d\u00e9velopp\u00e9es dans le projet. <strong>Yves Den\u00e9ch\u00e8re<\/strong> (PU, Universit\u00e9 d\u2019Angers, TEMOS), a r\u00e9dig\u00e9 la premi\u00e8re histoire de l\u2019adoption internationale en France, dirig\u00e9 plusieurs th\u00e8ses sur ce sujet et organis\u00e9 \u00e0 Angers le colloque du centenaire de l\u2019adoption en France (2023). Ses r\u00e9cents travaux portent sp\u00e9cifiquement sur les pratiques illicites dans l\u2019adoption internationale. <strong>Agn\u00e8s Martial<\/strong> (Directrice de recherche CNRS,&nbsp; LISST-CAS) est une anthropologue sp\u00e9cialiste de la parent\u00e9 contemporaine et travaille actuellement sur les red\u00e9finitions occasionn\u00e9es par la question des origines dans les situations adoptives. Elle a coordonn\u00e9 le programme ANR ORIGINES (Aux marges de la parent\u00e9. Origines et nouvelles configurations familiales). <strong>Antoine Rivi\u00e8re<\/strong> (MCF, Universit\u00e9 Paris 8, IHTP) est un historien sp\u00e9cialiste de l\u2019enfance abandonn\u00e9e aux XIX<sup>e<\/sup> et XX<sup>e<\/sup> si\u00e8cles, et travaille actuellement sur les usages contemporains des dossiers individuels de la protection de l\u2019enfance, notamment en mati\u00e8re d\u2019acc\u00e8s aux origines personnelles et familiales. <strong>Fabio Macedo <\/strong>(docteur en histoire et civilisations), reconnu pour ses travaux sur l\u2019adoption internationale et ses d\u00e9rives est ing\u00e9nieur de recherche sur le projet. <strong>Patrice Marcilloux<\/strong> (PU, UA) et <strong>B\u00e9n\u00e9dicte Grailles<\/strong> (MCF, UA) apportent leurs expertises en archivistique, sources orales et ego-archives. <strong>Aur\u00e9lie Hess<\/strong> (IT, CNRS) est charg\u00e9e du traitement des donn\u00e9es et du PGD. <strong>Olivier de Frouville<\/strong> (PU, droit international, U. Paris-Panth\u00e9on-Assas) est le pr\u00e9sident du Comit\u00e9 sur les disparitions forc\u00e9es des Nations Unies. <strong>Claudine Veuillet-Combier<\/strong> (PU, psychologie clinique, UA) sp\u00e9cialiste de l\u2019adoption. <strong>Ad\u00e9la\u00efde Laloux<\/strong> (archiviste d\u00e9partementale) a fait une th\u00e8se sur le dossier de l\u2019enfant. <strong>Jean-Fran\u00e7ois Mignot<\/strong> (CR CNRS) apportera son expertise de sociologue quantitativiste. <strong>&nbsp;<\/strong><\/p>\n\n\n\n<p>Pour une prise de contact, merci d&#8217;\u00e9crire \u00e0 <a href=\"yves.denechere@univ-angers.fr\">yves.denechere@univ-angers.fr<\/a> et <a href=\"mailto:fabio.macedo@univ-angers.fr\">fabio.macedo@univ-angers.fr<\/a><\/p>\n\n\n\n<p><\/p>\n","protected":false},"excerpt":{"rendered":"<p>AdoptRisk est un projet de recherche financ\u00e9 par l&#8217;ANR et port\u00e9 par l&#8217;Universit\u00e9 d&#8217;Angers avec l&#8217;Universit\u00e9 Paris 8 et le CNRS. Il vise \u00e0 \u00e9tudier, dans une perspective socio-historique, les pratiques illicites dans l\u2019adoption nationale et internationale d&#8217;enfants en France depuis 1923. Depuis l\u2019\u00e9tude historique r\u00e9alis\u00e9e en 2022-2023 par des chercheurs du pr\u00e9sent projet (https:\/\/univ-angers.hal.science\/hal-03972497v1), &hellip; <a href=\"https:\/\/blog.univ-angers.fr\/adoptrisk\/a-propos\/\" class=\"more-link\">Continuer la lecture de <span class=\"screen-reader-text\">\u00c0 propos<\/span>  <span class=\"meta-nav\">&rarr;<\/span><\/a><\/p>\n","protected":false},"author":109032,"featured_media":0,"parent":0,"menu_order":0,"comment_status":"closed","ping_status":"closed","template":"","meta":{"footnotes":""},"class_list":["post-23","page","type-page","status-publish","hentry"],"_links":{"self":[{"href":"https:\/\/blog.univ-angers.fr\/adoptrisk\/wp-json\/wp\/v2\/pages\/23","targetHints":{"allow":["GET"]}}],"collection":[{"href":"https:\/\/blog.univ-angers.fr\/adoptrisk\/wp-json\/wp\/v2\/pages"}],"about":[{"href":"https:\/\/blog.univ-angers.fr\/adoptrisk\/wp-json\/wp\/v2\/types\/page"}],"author":[{"embeddable":true,"href":"https:\/\/blog.univ-angers.fr\/adoptrisk\/wp-json\/wp\/v2\/users\/109032"}],"replies":[{"embeddable":true,"href":"https:\/\/blog.univ-angers.fr\/adoptrisk\/wp-json\/wp\/v2\/comments?post=23"}],"version-history":[{"count":8,"href":"https:\/\/blog.univ-angers.fr\/adoptrisk\/wp-json\/wp\/v2\/pages\/23\/revisions"}],"predecessor-version":[{"id":150,"href":"https:\/\/blog.univ-angers.fr\/adoptrisk\/wp-json\/wp\/v2\/pages\/23\/revisions\/150"}],"wp:attachment":[{"href":"https:\/\/blog.univ-angers.fr\/adoptrisk\/wp-json\/wp\/v2\/media?parent=23"}],"curies":[{"name":"wp","href":"https:\/\/api.w.org\/{rel}","templated":true}]}}